{"id":131,"date":"2024-03-25T17:37:55","date_gmt":"2024-03-25T16:37:55","guid":{"rendered":"https:\/\/www.budmont.cz\/?page_id=131"},"modified":"2024-05-20T19:35:14","modified_gmt":"2024-05-20T18:35:14","slug":"sadrokartony","status":"publish","type":"page","link":"https:\/\/www.budmont.cz\/?page_id=131","title":{"rendered":"S\u00e1drokartony"},"content":{"rendered":"\t\t<div data-elementor-type=\"wp-page\" data-elementor-id=\"131\" class=\"elementor elementor-131\" data-elementor-post-type=\"page\">\n\t\t\t\t<div class=\"elementor-element elementor-element-8e7027f e-con-full e-flex e-con e-parent\" data-id=\"8e7027f\" data-element_type=\"container\" data-e-type=\"container\" data-settings=\"{&quot;background_background&quot;:&quot;slideshow&quot;,&quot;background_slideshow_gallery&quot;:[],&quot;background_slideshow_loop&quot;:&quot;yes&quot;,&quot;background_slideshow_slide_duration&quot;:5000,&quot;background_slideshow_slide_transition&quot;:&quot;fade&quot;,&quot;background_slideshow_transition_duration&quot;:500}\">\n\t\t\t\t<div class=\"elementor-element elementor-element-8e3b6e0 elementor-position-right elementor-position-left elementor-vertical-align-middle elementor-widget__width-initial elementor-vertical-align-top elementor-widget elementor-widget-image-box\" data-id=\"8e3b6e0\" data-element_type=\"widget\" data-e-type=\"widget\" data-widget_type=\"image-box.default\">\n\t\t\t\t<div class=\"elementor-widget-container\">\n\t\t\t\t\t<div class=\"elementor-image-box-wrapper\"><figure class=\"elementor-image-box-img\"><img fetchpriority=\"high\" decoding=\"async\" width=\"2560\" height=\"1441\" src=\"https:\/\/www.budmont.cz\/wp-content\/uploads\/2024\/03\/20220706_190349-1-scaled.jpg\" class=\"attachment-full size-full wp-image-142\" alt=\"\" srcset=\"https:\/\/www.budmont.cz\/wp-content\/uploads\/2024\/03\/20220706_190349-1-scaled.jpg 2560w, https:\/\/www.budmont.cz\/wp-content\/uploads\/2024\/03\/20220706_190349-1-300x169.jpg 300w, https:\/\/www.budmont.cz\/wp-content\/uploads\/2024\/03\/20220706_190349-1-1024x577.jpg 1024w, https:\/\/www.budmont.cz\/wp-content\/uploads\/2024\/03\/20220706_190349-1-768x432.jpg 768w, https:\/\/www.budmont.cz\/wp-content\/uploads\/2024\/03\/20220706_190349-1-1536x865.jpg 1536w, https:\/\/www.budmont.cz\/wp-content\/uploads\/2024\/03\/20220706_190349-1-2048x1153.jpg 2048w\" sizes=\"(max-width: 2560px) 100vw, 2560px\" \/><\/figure><div class=\"elementor-image-box-content\"><p class=\"elementor-image-box-description\">Profesion\u00e1ln\u00ed spolehliv\u00e1 firma,&nbsp;pr\u00e1ci prov\u00e1d\u00edme v p\u0159\u00edslu\u0161n\u00fdch norm\u00e1ch&nbsp;a vysok\u00e9 kvalit\u011b.<\/p><\/div><\/div>\t\t\t\t<\/div>\n\t\t\t\t<\/div>\n\t\t\t\t<div class=\"elementor-element elementor-element-2ed4da25 elementor-widget elementor-widget-text-editor\" data-id=\"2ed4da25\" data-element_type=\"widget\" data-e-type=\"widget\" data-widget_type=\"text-editor.default\">\n\t\t\t\t<div class=\"elementor-widget-container\">\n\t\t\t\t\t\t\t\t\t<p><\/p>\n<ul>\n<li>\n<p><span style=\"color: #000000;\">Praxi v oboru m\u00e1me 15\u00a0let ze s\u00e1drokartonu jsme schopni vytvo\u0159it cokoliv.<\/span><\/p>\n<\/li>\n<li>\n<p><span style=\"color: #000000;\">Mont\u00e1\u017e s\u00e1drokarton\u00e1\u0159sk\u00fdch prac\u00ed prov\u00e1d\u00edme v cel\u00e9 \u010cR.<\/span><\/p>\n<\/li>\n<li>\n<p><span style=\"color: #000000;\">S\u00e1drokartonov\u00e9 podhledy, p\u0159\u00ed\u010dky, p\u0159edsazen\u00e9 st\u011bny, p\u016fdn\u00ed vestavby,\u00a0celoplo\u0161n\u00e9 st\u011brky (tmelen\u00ed), miner\u00e1ln\u00ed podhledy<\/span><\/p>\n<\/li>\n<\/ul>\n<p><strong><\/strong><\/p>\n<p><strong><\/strong><\/p>\n<p><strong><\/strong><\/p>\n<p><\/p>\t\t\t\t\t\t\t\t<\/div>\n\t\t\t\t<\/div>\n\t\t\t\t<\/div>\n\t\t<div class=\"elementor-element elementor-element-b40cead e-flex e-con-boxed e-con e-parent\" data-id=\"b40cead\" data-element_type=\"container\" data-e-type=\"container\">\n\t\t\t\t\t<div class=\"e-con-inner\">\n\t\t\t\t<div class=\"elementor-element elementor-element-279f983 elementor-skin-carousel elementor-arrows-yes elementor-pagination-type-bullets elementor-pagination-position-outside elementor-widget elementor-widget-media-carousel\" data-id=\"279f983\" data-element_type=\"widget\" data-e-type=\"widget\" data-settings=\"{&quot;skin&quot;:&quot;carousel&quot;,&quot;effect&quot;:&quot;slide&quot;,&quot;show_arrows&quot;:&quot;yes&quot;,&quot;pagination&quot;:&quot;bullets&quot;,&quot;speed&quot;:500,&quot;autoplay&quot;:&quot;yes&quot;,&quot;autoplay_speed&quot;:5000,&quot;loop&quot;:&quot;yes&quot;,&quot;pause_on_hover&quot;:&quot;yes&quot;,&quot;pause_on_interaction&quot;:&quot;yes&quot;,&quot;space_between&quot;:{&quot;unit&quot;:&quot;px&quot;,&quot;size&quot;:10,&quot;sizes&quot;:[]},&quot;space_between_tablet&quot;:{&quot;unit&quot;:&quot;px&quot;,&quot;size&quot;:10,&quot;sizes&quot;:[]},&quot;space_between_mobile&quot;:{&quot;unit&quot;:&quot;px&quot;,&quot;size&quot;:10,&quot;sizes&quot;:[]}}\" data-widget_type=\"media-carousel.default\">\n\t\t\t\t<div class=\"elementor-widget-container\">\n\t\t\t\t\t\t\t\t\t<div class=\"elementor-swiper\">\n\t\t\t\t\t<div class=\"elementor-main-swiper swiper\" role=\"region\" aria-roledescription=\"carousel\" aria-label=\"Slides\">\n\t\t\t\t<div class=\"swiper-wrapper\">\n\t\t\t\t\t\t\t\t\t\t\t<div class=\"swiper-slide\" role=\"group\" aria-roledescription=\"slide\">\n\t\t\t\t\t\t\t\t\t<div class=\"elementor-carousel-image\" role=\"img\" aria-label=\"20230217_115224\" style=\"background-image: url(&#039;https:\/\/www.budmont.cz\/wp-content\/uploads\/2024\/05\/20230217_115224-scaled.jpg&#039;)\">\n\n\t\t\t\n\t\t\t\t\t<\/div>\n\t\t\t\t\t\t\t\t<\/div>\n\t\t\t\t\t\t\t\t\t\t\t<div class=\"swiper-slide\" role=\"group\" aria-roledescription=\"slide\">\n\t\t\t\t\t\t\t\t\t<div class=\"elementor-carousel-image\" role=\"img\" aria-label=\"20230218_080027\" style=\"background-image: url(&#039;https:\/\/www.budmont.cz\/wp-content\/uploads\/2024\/05\/20230218_080027-scaled.jpg&#039;)\">\n\n\t\t\t\n\t\t\t\t\t<\/div>\n\t\t\t\t\t\t\t\t<\/div>\n\t\t\t\t\t\t\t\t\t\t\t<div class=\"swiper-slide\" role=\"group\" aria-roledescription=\"slide\">\n\t\t\t\t\t\t\t\t\t<div class=\"elementor-carousel-image\" role=\"img\" aria-label=\"20230407_103401\" style=\"background-image: url(&#039;https:\/\/www.budmont.cz\/wp-content\/uploads\/2024\/05\/20230407_103401-scaled.jpg&#039;)\">\n\n\t\t\t\n\t\t\t\t\t<\/div>\n\t\t\t\t\t\t\t\t<\/div>\n\t\t\t\t\t\t\t\t\t\t\t<div class=\"swiper-slide\" role=\"group\" aria-roledescription=\"slide\">\n\t\t\t\t\t\t\t\t\t<div class=\"elementor-carousel-image\" role=\"img\" aria-label=\"20230711_183516\" style=\"background-image: url(&#039;https:\/\/www.budmont.cz\/wp-content\/uploads\/2024\/05\/20230711_183516-scaled.jpg&#039;)\">\n\n\t\t\t\n\t\t\t\t\t<\/div>\n\t\t\t\t\t\t\t\t<\/div>\n\t\t\t\t\t\t\t\t\t\t\t<div class=\"swiper-slide\" role=\"group\" aria-roledescription=\"slide\">\n\t\t\t\t\t\t\t\t\t<div class=\"elementor-carousel-image\" role=\"img\" aria-label=\"IMG-20191018-WA0003\" style=\"background-image: url(&#039;https:\/\/www.budmont.cz\/wp-content\/uploads\/2024\/05\/IMG-20191018-WA0003-2-scaled.jpg&#039;)\">\n\n\t\t\t\n\t\t\t\t\t<\/div>\n\t\t\t\t\t\t\t\t<\/div>\n\t\t\t\t\t\t\t\t\t<\/div>\n\t\t\t\t\t\t\t\t\t\t\t\t\t\t\t<div class=\"elementor-swiper-button elementor-swiper-button-prev\" role=\"button\" tabindex=\"0\" aria-label=\"Previous\">\n\t\t\t\t\t\t\t<svg aria-hidden=\"true\" class=\"e-font-icon-svg e-eicon-chevron-left\" viewBox=\"0 0 1000 1000\" xmlns=\"http:\/\/www.w3.org\/2000\/svg\"><path d=\"M646 125C629 125 613 133 604 142L308 442C296 454 292 471 292 487 292 504 296 521 308 533L604 854C617 867 629 875 646 875 663 875 679 871 692 858 704 846 713 829 713 812 713 796 708 779 692 767L438 487 692 225C700 217 708 204 708 187 708 171 704 154 692 142 675 129 663 125 646 125Z\"><\/path><\/svg>\t\t\t\t\t\t<\/div>\n\t\t\t\t\t\t<div class=\"elementor-swiper-button elementor-swiper-button-next\" role=\"button\" tabindex=\"0\" aria-label=\"Next\">\n\t\t\t\t\t\t\t<svg aria-hidden=\"true\" class=\"e-font-icon-svg e-eicon-chevron-right\" viewBox=\"0 0 1000 1000\" xmlns=\"http:\/\/www.w3.org\/2000\/svg\"><path d=\"M696 533C708 521 713 504 713 487 713 471 708 454 696 446L400 146C388 133 375 125 354 125 338 125 325 129 313 142 300 154 292 171 292 187 292 204 296 221 308 233L563 492 304 771C292 783 288 800 288 817 288 833 296 850 308 863 321 871 338 875 354 875 371 875 388 867 400 854L696 533Z\"><\/path><\/svg>\t\t\t\t\t\t<\/div>\n\t\t\t\t\t\t\t\t\t\t\t\t\t\t\t\t<div class=\"swiper-pagination\"><\/div>\n\t\t\t\t\t\t\t\t\t\t\t\t<\/div>\n\t\t\t\t<\/div>\n\t\t\t\t\t\t\t\t<\/div>\n\t\t\t\t<\/div>\n\t\t\t\t<div class=\"elementor-element elementor-element-2e019c0 elementor-widget elementor-widget-text-editor\" data-id=\"2e019c0\" data-element_type=\"widget\" data-e-type=\"widget\" data-widget_type=\"text-editor.default\">\n\t\t\t\t<div class=\"elementor-widget-container\">\n\t\t\t\t\t\t\t\t\t<ul>\n<li>Mont\u00e1\u017e such\u00fdch staveb<\/li>\n<\/ul>\t\t\t\t\t\t\t\t<\/div>\n\t\t\t\t<\/div>\n\t\t\t\t\t<\/div>\n\t\t\t\t<\/div>\n\t\t<div class=\"elementor-element elementor-element-7cc4d87 e-flex e-con-boxed e-con e-parent\" data-id=\"7cc4d87\" data-element_type=\"container\" data-e-type=\"container\">\n\t\t\t\t\t<div class=\"e-con-inner\">\n\t\t<div class=\"elementor-element elementor-element-4d3c2e0 e-con-full e-flex e-con e-child\" data-id=\"4d3c2e0\" data-element_type=\"container\" data-e-type=\"container\">\n\t\t\t\t<div class=\"elementor-element elementor-element-a6c3076 elementor-widget elementor-widget-image\" data-id=\"a6c3076\" data-element_type=\"widget\" data-e-type=\"widget\" data-widget_type=\"image.default\">\n\t\t\t\t<div class=\"elementor-widget-container\">\n\t\t\t\t\t\t\t\t\t\t\t\t\t\t\t<img decoding=\"async\" width=\"330\" height=\"230\" src=\"https:\/\/www.budmont.cz\/wp-content\/uploads\/2024\/05\/20240516_105719-330x230.jpg\" class=\"attachment-menu-thumb size-menu-thumb wp-image-208\" alt=\"\" \/>\t\t\t\t\t\t\t\t\t\t\t\t\t\t\t<\/div>\n\t\t\t\t<\/div>\n\t\t\t\t<\/div>\n\t\t<div class=\"elementor-element elementor-element-75e9a28 e-con-full e-flex e-con e-child\" data-id=\"75e9a28\" data-element_type=\"container\" data-e-type=\"container\">\n\t\t\t\t<div class=\"elementor-element elementor-element-e07d816 elementor-widget elementor-widget-image\" data-id=\"e07d816\" data-element_type=\"widget\" data-e-type=\"widget\" data-widget_type=\"image.default\">\n\t\t\t\t<div class=\"elementor-widget-container\">\n\t\t\t\t\t\t\t\t\t\t\t\t\t\t\t<img decoding=\"async\" width=\"1024\" height=\"576\" src=\"https:\/\/www.budmont.cz\/wp-content\/uploads\/2024\/05\/20240423_143233-1024x576.jpg\" class=\"attachment-large size-large wp-image-206\" alt=\"\" srcset=\"https:\/\/www.budmont.cz\/wp-content\/uploads\/2024\/05\/20240423_143233-1024x576.jpg 1024w, https:\/\/www.budmont.cz\/wp-content\/uploads\/2024\/05\/20240423_143233-300x169.jpg 300w, https:\/\/www.budmont.cz\/wp-content\/uploads\/2024\/05\/20240423_143233-768x432.jpg 768w, https:\/\/www.budmont.cz\/wp-content\/uploads\/2024\/05\/20240423_143233-1536x864.jpg 1536w, https:\/\/www.budmont.cz\/wp-content\/uploads\/2024\/05\/20240423_143233-2048x1152.jpg 2048w\" sizes=\"(max-width: 1024px) 100vw, 1024px\" \/>\t\t\t\t\t\t\t\t\t\t\t\t\t\t\t<\/div>\n\t\t\t\t<\/div>\n\t\t\t\t<\/div>\n\t\t<div class=\"elementor-element elementor-element-8bd5b96 e-con-full e-flex e-con e-child\" data-id=\"8bd5b96\" data-element_type=\"container\" data-e-type=\"container\">\n\t\t\t\t<div class=\"elementor-element elementor-element-7e382e2 elementor-widget elementor-widget-image\" data-id=\"7e382e2\" data-element_type=\"widget\" data-e-type=\"widget\" data-widget_type=\"image.default\">\n\t\t\t\t<div class=\"elementor-widget-container\">\n\t\t\t\t\t\t\t\t\t\t\t\t\t\t\t<img loading=\"lazy\" decoding=\"async\" width=\"1024\" height=\"576\" src=\"https:\/\/www.budmont.cz\/wp-content\/uploads\/2024\/05\/20240423_143230-1024x576.jpg\" class=\"attachment-large size-large wp-image-207\" alt=\"\" srcset=\"https:\/\/www.budmont.cz\/wp-content\/uploads\/2024\/05\/20240423_143230-1024x576.jpg 1024w, https:\/\/www.budmont.cz\/wp-content\/uploads\/2024\/05\/20240423_143230-300x169.jpg 300w, https:\/\/www.budmont.cz\/wp-content\/uploads\/2024\/05\/20240423_143230-768x432.jpg 768w, https:\/\/www.budmont.cz\/wp-content\/uploads\/2024\/05\/20240423_143230-1536x864.jpg 1536w, https:\/\/www.budmont.cz\/wp-content\/uploads\/2024\/05\/20240423_143230-2048x1152.jpg 2048w\" sizes=\"(max-width: 1024px) 100vw, 1024px\" \/>\t\t\t\t\t\t\t\t\t\t\t\t\t\t\t<\/div>\n\t\t\t\t<\/div>\n\t\t\t\t<\/div>\n\t\t<div class=\"elementor-element elementor-element-9b5a42c e-con-full e-flex e-con e-child\" data-id=\"9b5a42c\" data-element_type=\"container\" data-e-type=\"container\">\n\t\t\t\t<div class=\"elementor-element elementor-element-59fc7ea elementor-widget elementor-widget-image\" data-id=\"59fc7ea\" data-element_type=\"widget\" data-e-type=\"widget\" data-widget_type=\"image.default\">\n\t\t\t\t<div class=\"elementor-widget-container\">\n\t\t\t\t\t\t\t\t\t\t\t\t\t\t\t<img loading=\"lazy\" decoding=\"async\" width=\"330\" height=\"230\" src=\"https:\/\/www.budmont.cz\/wp-content\/uploads\/2024\/05\/20240516_105734-330x230.jpg\" class=\"attachment-menu-thumb size-menu-thumb wp-image-213\" alt=\"\" \/>\t\t\t\t\t\t\t\t\t\t\t\t\t\t\t<\/div>\n\t\t\t\t<\/div>\n\t\t\t\t<\/div>\n\t\t\t\t\t<\/div>\n\t\t\t\t<\/div>\n\t\t\t\t<\/div>\n\t\t","protected":false},"excerpt":{"rendered":"<p>Profesion\u00e1ln\u00ed spolehliv\u00e1 firma,&nbsp;pr\u00e1ci prov\u00e1d\u00edme v p\u0159\u00edslu\u0161n\u00fdch norm\u00e1ch&nbsp;a vysok\u00e9 kvalit\u011b. Praxi v oboru m\u00e1me 15\u00a0let ze s\u00e1drokartonu jsme schopni vytvo\u0159it cokoliv. Mont\u00e1\u017e s\u00e1drokarton\u00e1\u0159sk\u00fdch prac\u00ed prov\u00e1d\u00edme v cel\u00e9 \u010cR. S\u00e1drokartonov\u00e9 podhledy, p\u0159\u00ed\u010dky, p\u0159edsazen\u00e9 st\u011bny, p\u016fdn\u00ed vestavby,\u00a0celoplo\u0161n\u00e9 st\u011brky (tmelen\u00ed), miner\u00e1ln\u00ed podhledy Previous Next Mont\u00e1\u017e such\u00fdch staveb<\/p>\n","protected":false},"author":1,"featured_media":0,"parent":0,"menu_order":0,"comment_status":"closed","ping_status":"closed","template":"","meta":{"footnotes":""},"class_list":["post-131","page","type-page","status-publish","hentry"],"_links":{"self":[{"href":"https:\/\/www.budmont.cz\/index.php?rest_route=\/wp\/v2\/pages\/131","targetHints":{"allow":["GET"]}}],"collection":[{"href":"https:\/\/www.budmont.cz\/index.php?rest_route=\/wp\/v2\/pages"}],"about":[{"href":"https:\/\/www.budmont.cz\/index.php?rest_route=\/wp\/v2\/types\/page"}],"author":[{"embeddable":true,"href":"https:\/\/www.budmont.cz\/index.php?rest_route=\/wp\/v2\/users\/1"}],"replies":[{"embeddable":true,"href":"https:\/\/www.budmont.cz\/index.php?rest_route=%2Fwp%2Fv2%2Fcomments&post=131"}],"version-history":[{"count":19,"href":"https:\/\/www.budmont.cz\/index.php?rest_route=\/wp\/v2\/pages\/131\/revisions"}],"predecessor-version":[{"id":467,"href":"https:\/\/www.budmont.cz\/index.php?rest_route=\/wp\/v2\/pages\/131\/revisions\/467"}],"wp:attachment":[{"href":"https:\/\/www.budmont.cz\/index.php?rest_route=%2Fwp%2Fv2%2Fmedia&parent=131"}],"curies":[{"name":"wp","href":"https:\/\/api.w.org\/{rel}","templated":true}]}}