{"id":127,"date":"2024-03-25T17:36:45","date_gmt":"2024-03-25T16:36:45","guid":{"rendered":"https:\/\/www.budmont.cz\/?page_id=127"},"modified":"2024-05-20T19:35:40","modified_gmt":"2024-05-20T18:35:40","slug":"foukana-izolace","status":"publish","type":"page","link":"https:\/\/www.budmont.cz\/?page_id=127","title":{"rendered":"Foukan\u00e1 izolace"},"content":{"rendered":"\t\t<div data-elementor-type=\"wp-page\" data-elementor-id=\"127\" class=\"elementor elementor-127\" data-elementor-post-type=\"page\">\n\t\t\t\t<div class=\"elementor-element elementor-element-98fddb4 e-flex e-con-boxed e-con e-parent\" data-id=\"98fddb4\" data-element_type=\"container\" data-e-type=\"container\">\n\t\t\t\t\t<div class=\"e-con-inner\">\n\t\t<div class=\"elementor-element elementor-element-bc0db21 e-con-full e-flex e-con e-child\" data-id=\"bc0db21\" data-element_type=\"container\" data-e-type=\"container\">\n\t\t\t\t<div class=\"elementor-element elementor-element-74cc2a7 elementor-widget elementor-widget-text-editor\" data-id=\"74cc2a7\" data-element_type=\"widget\" data-e-type=\"widget\" data-widget_type=\"text-editor.default\">\n\t\t\t\t<div class=\"elementor-widget-container\">\n\t\t\t\t\t\t\t\t\t<p><span style=\"color: #000000;\">Foukan\u00e1 izolace je klasick\u00e1 stavebn\u00ed izolace, kter\u00e1 je do stavby aplikov\u00e1na fouk\u00e1n\u00edm s pomoc\u00ed speci\u00e1ln\u00edho aplika\u010dn\u00edho stroje.<\/span><\/p>\t\t\t\t\t\t\t\t<\/div>\n\t\t\t\t<\/div>\n\t\t\t\t<\/div>\n\t\t<div class=\"elementor-element elementor-element-f7efbba e-con-full e-flex e-con e-child\" data-id=\"f7efbba\" data-element_type=\"container\" data-e-type=\"container\">\n\t\t\t\t<div class=\"elementor-element elementor-element-f40425a elementor-widget elementor-widget-image\" data-id=\"f40425a\" data-element_type=\"widget\" data-e-type=\"widget\" data-widget_type=\"image.default\">\n\t\t\t\t<div class=\"elementor-widget-container\">\n\t\t\t\t\t\t\t\t\t\t\t\t\t\t\t<img fetchpriority=\"high\" decoding=\"async\" width=\"1024\" height=\"767\" src=\"https:\/\/www.budmont.cz\/wp-content\/uploads\/2024\/05\/zatepleni-podlahy-1-e1579682457540-1500x1123-1-1024x767.jpg\" class=\"attachment-large size-large wp-image-253\" alt=\"\" srcset=\"https:\/\/www.budmont.cz\/wp-content\/uploads\/2024\/05\/zatepleni-podlahy-1-e1579682457540-1500x1123-1-1024x767.jpg 1024w, https:\/\/www.budmont.cz\/wp-content\/uploads\/2024\/05\/zatepleni-podlahy-1-e1579682457540-1500x1123-1-300x225.jpg 300w, https:\/\/www.budmont.cz\/wp-content\/uploads\/2024\/05\/zatepleni-podlahy-1-e1579682457540-1500x1123-1-768x575.jpg 768w, https:\/\/www.budmont.cz\/wp-content\/uploads\/2024\/05\/zatepleni-podlahy-1-e1579682457540-1500x1123-1.jpg 1500w\" sizes=\"(max-width: 1024px) 100vw, 1024px\" \/>\t\t\t\t\t\t\t\t\t\t\t\t\t\t\t<\/div>\n\t\t\t\t<\/div>\n\t\t\t\t<\/div>\n\t\t\t\t\t<\/div>\n\t\t\t\t<\/div>\n\t\t<div class=\"elementor-element elementor-element-6e42fd0d e-con-full e-flex e-con e-parent\" data-id=\"6e42fd0d\" data-element_type=\"container\" data-e-type=\"container\">\n\t\t\t\t<div class=\"elementor-element elementor-element-09b3a23 elementor-widget elementor-widget-text-editor\" data-id=\"09b3a23\" data-element_type=\"widget\" data-e-type=\"widget\" data-widget_type=\"text-editor.default\">\n\t\t\t\t<div class=\"elementor-widget-container\">\n\t\t\t\t\t\t\t\t\t<p><span style=\"color: #000000;\">Pro izolaci s\u00e1drokartonov\u00e9ho stropu je foukan\u00e1 vata ide\u00e1ln\u00ed.\u00a0<b>Je lehk\u00e1, odoln\u00e1 proti \u0161k\u016fdc\u016fm, neho\u0159lav\u00e1, paropropustn\u00e1 a m\u00e1 \u0159adu dal\u0161\u00edch v\u00fdhod<\/b>. T\u00edm, \u017ee nenas\u00e1v\u00e1 okoln\u00ed vlhkost, nehroz\u00ed ani zv\u00fd\u0161en\u00ed jej\u00ed hmotnosti. Nikde nedoch\u00e1z\u00ed ke kondenzaci vody.<\/span><\/p>\t\t\t\t\t\t\t\t<\/div>\n\t\t\t\t<\/div>\n\t\t\t\t<div class=\"elementor-element elementor-element-ffa0fcd elementor-widget elementor-widget-text-editor\" data-id=\"ffa0fcd\" data-element_type=\"widget\" data-e-type=\"widget\" data-widget_type=\"text-editor.default\">\n\t\t\t\t<div class=\"elementor-widget-container\">\n\t\t\t\t\t\t\t\t\t<p><span style=\"color: #000000;\">BUDMONT s.r.o. je firmou, kter\u00e1 V\u00e1m spolehliv\u011b zrealizuje foukanou tepelnou izolaci Climatizer Plus.<\/span><\/p>\t\t\t\t\t\t\t\t<\/div>\n\t\t\t\t<\/div>\n\t\t\t\t<div class=\"elementor-element elementor-element-22fda944 elementor-widget elementor-widget-text-editor\" data-id=\"22fda944\" data-element_type=\"widget\" data-e-type=\"widget\" data-widget_type=\"text-editor.default\">\n\t\t\t\t<div class=\"elementor-widget-container\">\n\t\t\t\t\t\t\t\t\t<p><\/p>\n<p><\/p>\n<p><\/p>\n<p><span style=\"color: #000000;\">Pokud s izolac\u00ed Climatizer Plus zatepl\u00edte st\u0159echu nebo strop va\u0161eho domu, m\u016f\u017eete uspo\u0159it a\u017e 35 % n\u00e1klad\u016f za energie. Kdy\u017e zatepl\u00edte celou konstrukci, zvy\u0161uje se mo\u017en\u00e1\u00a0<strong>ro\u010dn\u00ed \u00faspora n\u00e1klad\u016f za energie a\u017e na 60 %.<\/strong><\/span><\/p>\n<p><\/p>\t\t\t\t\t\t\t\t<\/div>\n\t\t\t\t<\/div>\n\t\t\t\t<\/div>\n\t\t<div class=\"elementor-element elementor-element-ecae077 e-flex e-con-boxed e-con e-parent\" data-id=\"ecae077\" data-element_type=\"container\" data-e-type=\"container\">\n\t\t\t\t\t<div class=\"e-con-inner\">\n\t\t<div class=\"elementor-element elementor-element-7bd9efd e-con-full e-flex e-con e-child\" data-id=\"7bd9efd\" data-element_type=\"container\" data-e-type=\"container\">\n\t\t\t\t<div class=\"elementor-element elementor-element-c429fcb elementor-widget elementor-widget-text-editor\" data-id=\"c429fcb\" data-element_type=\"widget\" data-e-type=\"widget\" data-widget_type=\"text-editor.default\">\n\t\t\t\t<div class=\"elementor-widget-container\">\n\t\t\t\t\t\t\t\t\t<p><span style=\"color: #000000;\">Climatizer Plus je snadn\u00e9 a rychl\u00e9 \u0159e\u0161en\u00ed zateplen\u00ed. D\u00edky t\u00e9to foukan\u00e9 tepeln\u00e9 izolaci nebudete m\u00edt probl\u00e9my s pl\u00edsn\u00ed. V l\u00e9t\u011b ud\u011bl\u00e1 chl\u00e1dek a br\u00e1n\u00ed horku, v zim\u011b naopak teplo udr\u017e\u00ed a akumuluje. Foukan\u00e1 tepeln\u00e1 Izolace Climatizer Plus odvede vlhkost a zaru\u010d\u00ed sucho.<\/span><\/p>\t\t\t\t\t\t\t\t<\/div>\n\t\t\t\t<\/div>\n\t\t\t\t<div class=\"elementor-element elementor-element-18b3267 elementor-widget elementor-widget-image\" data-id=\"18b3267\" data-element_type=\"widget\" data-e-type=\"widget\" data-widget_type=\"image.default\">\n\t\t\t\t<div class=\"elementor-widget-container\">\n\t\t\t\t\t\t\t\t\t\t\t\t\t\t\t<img decoding=\"async\" width=\"275\" height=\"183\" src=\"https:\/\/www.budmont.cz\/wp-content\/uploads\/2024\/05\/\u0411\u0435\u0437-\u043d\u0430\u0437\u0432\u0430\u043d\u0438\u044f.png\" class=\"attachment-large size-large wp-image-259\" alt=\"\" \/>\t\t\t\t\t\t\t\t\t\t\t\t\t\t\t<\/div>\n\t\t\t\t<\/div>\n\t\t\t\t<\/div>\n\t\t<div class=\"elementor-element elementor-element-e1d8ece e-con-full e-flex e-con e-child\" data-id=\"e1d8ece\" data-element_type=\"container\" data-e-type=\"container\">\n\t\t\t\t<div class=\"elementor-element elementor-element-6373657 elementor-widget elementor-widget-image\" data-id=\"6373657\" data-element_type=\"widget\" data-e-type=\"widget\" data-widget_type=\"image.default\">\n\t\t\t\t<div class=\"elementor-widget-container\">\n\t\t\t\t\t\t\t\t\t\t\t\t\t\t\t<img decoding=\"async\" width=\"900\" height=\"900\" src=\"https:\/\/www.budmont.cz\/wp-content\/uploads\/2024\/05\/ciur-climatizer-plus-1-5b572937dbc2f.jpg\" class=\"attachment-large size-large wp-image-258\" alt=\"\" srcset=\"https:\/\/www.budmont.cz\/wp-content\/uploads\/2024\/05\/ciur-climatizer-plus-1-5b572937dbc2f.jpg 900w, https:\/\/www.budmont.cz\/wp-content\/uploads\/2024\/05\/ciur-climatizer-plus-1-5b572937dbc2f-300x300.jpg 300w, https:\/\/www.budmont.cz\/wp-content\/uploads\/2024\/05\/ciur-climatizer-plus-1-5b572937dbc2f-150x150.jpg 150w, https:\/\/www.budmont.cz\/wp-content\/uploads\/2024\/05\/ciur-climatizer-plus-1-5b572937dbc2f-768x768.jpg 768w\" sizes=\"(max-width: 900px) 100vw, 900px\" \/>\t\t\t\t\t\t\t\t\t\t\t\t\t\t\t<\/div>\n\t\t\t\t<\/div>\n\t\t\t\t<\/div>\n\t\t\t\t\t<\/div>\n\t\t\t\t<\/div>\n\t\t\t\t<\/div>\n\t\t","protected":false},"excerpt":{"rendered":"<p>Foukan\u00e1 izolace je klasick\u00e1 stavebn\u00ed izolace, kter\u00e1 je do stavby aplikov\u00e1na fouk\u00e1n\u00edm s pomoc\u00ed speci\u00e1ln\u00edho aplika\u010dn\u00edho stroje. Pro izolaci s\u00e1drokartonov\u00e9ho stropu je foukan\u00e1 vata ide\u00e1ln\u00ed.\u00a0Je lehk\u00e1, odoln\u00e1 proti \u0161k\u016fdc\u016fm, neho\u0159lav\u00e1, paropropustn\u00e1 a m\u00e1 \u0159adu dal\u0161\u00edch v\u00fdhod. T\u00edm, \u017ee nenas\u00e1v\u00e1 okoln\u00ed vlhkost, nehroz\u00ed ani zv\u00fd\u0161en\u00ed jej\u00ed hmotnosti. Nikde nedoch\u00e1z\u00ed ke kondenzaci vody. BUDMONT s.r.o. je firmou, [&hellip;]<\/p>\n","protected":false},"author":1,"featured_media":0,"parent":0,"menu_order":0,"comment_status":"closed","ping_status":"closed","template":"","meta":{"footnotes":""},"class_list":["post-127","page","type-page","status-publish","hentry"],"_links":{"self":[{"href":"https:\/\/www.budmont.cz\/index.php?rest_route=\/wp\/v2\/pages\/127","targetHints":{"allow":["GET"]}}],"collection":[{"href":"https:\/\/www.budmont.cz\/index.php?rest_route=\/wp\/v2\/pages"}],"about":[{"href":"https:\/\/www.budmont.cz\/index.php?rest_route=\/wp\/v2\/types\/page"}],"author":[{"embeddable":true,"href":"https:\/\/www.budmont.cz\/index.php?rest_route=\/wp\/v2\/users\/1"}],"replies":[{"embeddable":true,"href":"https:\/\/www.budmont.cz\/index.php?rest_route=%2Fwp%2Fv2%2Fcomments&post=127"}],"version-history":[{"count":14,"href":"https:\/\/www.budmont.cz\/index.php?rest_route=\/wp\/v2\/pages\/127\/revisions"}],"predecessor-version":[{"id":470,"href":"https:\/\/www.budmont.cz\/index.php?rest_route=\/wp\/v2\/pages\/127\/revisions\/470"}],"wp:attachment":[{"href":"https:\/\/www.budmont.cz\/index.php?rest_route=%2Fwp%2Fv2%2Fmedia&parent=127"}],"curies":[{"name":"wp","href":"https:\/\/api.w.org\/{rel}","templated":true}]}}