{"id":125,"date":"2024-03-25T17:35:58","date_gmt":"2024-03-25T16:35:58","guid":{"rendered":"https:\/\/www.budmont.cz\/?page_id=125"},"modified":"2024-05-17T10:51:21","modified_gmt":"2024-05-17T09:51:21","slug":"kontakt","status":"publish","type":"page","link":"https:\/\/www.budmont.cz\/?page_id=125","title":{"rendered":"Kontakt"},"content":{"rendered":"\t\t<div data-elementor-type=\"wp-page\" data-elementor-id=\"125\" class=\"elementor elementor-125\" data-elementor-post-type=\"page\">\n\t\t\t\t<div class=\"elementor-element elementor-element-97e8c0a e-flex e-con-boxed e-con e-parent\" data-id=\"97e8c0a\" data-element_type=\"container\" data-e-type=\"container\">\n\t\t\t\t\t<div class=\"e-con-inner\">\n\t\t\t\t<div class=\"elementor-element elementor-element-f49b85c elementor-widget elementor-widget-text-editor\" data-id=\"f49b85c\" data-element_type=\"widget\" data-e-type=\"widget\" data-widget_type=\"text-editor.default\">\n\t\t\t\t<div class=\"elementor-widget-container\">\n\t\t\t\t\t\t\t\t\t<p id=\"h3CompanyName\" class=\"contact-company-name\"><span style=\"color: #000000;\">BUDMONT s.r.o.<\/span><\/p><div class=\"contact-wrap\"><table id=\"tblContacts\"><tbody><tr><td><span style=\"color: #000000;\">S\u00eddlo spole\u010dnosti:<\/span><\/td><td><span style=\"color: #000000;\">Osek nad Be\u010dvou 380<\/span><br \/><span style=\"color: #000000;\">Osek nad Be\u010dvou\u00a0751 22<\/span><\/td><\/tr><tr><td><span style=\"color: #000000;\">Telefon:<\/span><\/td><td><span style=\"color: #000000;\">+420 776 642 902<\/span><\/td><\/tr><tr><td><span style=\"color: #000000;\">Email:<\/span><\/td><td><span style=\"color: #000000;\"><a style=\"color: #000000;\" href=\"mailto:info@budmont.cz\">info@budmont.cz<\/a><\/span><\/td><\/tr><tr><td><span style=\"color: #000000;\">Web:<\/span><\/td><td><span style=\"color: #000000;\"><a class=\"underline\" style=\"color: #000000;\" href=\"https:\/\/www.edb.cz\/firma-1439862-budmont-osek-nad-becvou\" target=\"_blank\" rel=\"noopener\">https:\/\/www.budmont.cz<\/a><\/span><\/td><\/tr><tr><td><span style=\"color: #000000;\">I\u010c:<\/span><\/td><td><span style=\"color: #000000;\">19058691<\/span><\/td><\/tr><tr><td><span style=\"color: #000000;\">DI\u010c:<\/span><\/td><td><span style=\"color: #000000;\">CZ19058691<\/span><\/td><\/tr><tr><td><span style=\"color: #000000;\">Okres:<\/span><\/td><td><span style=\"color: #000000;\">P\u0159erov<\/span><\/td><\/tr><tr><td><span style=\"color: #000000;\">St\u00e1t:<\/span><\/td><td><span style=\"color: #000000;\">\u010cesk\u00e1 republika<\/span><\/td><\/tr><tr><td><span style=\"color: #000000;\">Pr\u00e1vn\u00ed forma:<\/span><\/td><td><span style=\"color: #000000;\">spole\u010dnost s r. o.<\/span><\/td><\/tr><tr><td>\u00a0<\/td><td>\u00a0<\/td><\/tr><tr><td>\u00a0<\/td><td>\u00a0<\/td><\/tr><\/tbody><\/table><\/div>\t\t\t\t\t\t\t\t<\/div>\n\t\t\t\t<\/div>\n\t\t\t\t<div class=\"elementor-element elementor-element-d6688ba elementor-widget elementor-widget-button\" data-id=\"d6688ba\" data-element_type=\"widget\" data-e-type=\"widget\" data-widget_type=\"button.default\">\n\t\t\t\t<div class=\"elementor-widget-container\">\n\t\t\t\t\t\t\t\t\t<div class=\"elementor-button-wrapper\">\n\t\t\t\t\t<a class=\"elementor-button elementor-button-link elementor-size-sm\" href=\"http:\/\/info@budmont.cz\" target=\"_blank\" rel=\"noopener\">\n\t\t\t\t\t\t<span class=\"elementor-button-content-wrapper\">\n\t\t\t\t\t\t<span class=\"elementor-button-icon\">\n\t\t\t\t<svg aria-hidden=\"true\" class=\"e-font-icon-svg e-far-address-card\" viewBox=\"0 0 576 512\" xmlns=\"http:\/\/www.w3.org\/2000\/svg\"><path d=\"M528 32H48C21.5 32 0 53.5 0 80v352c0 26.5 21.5 48 48 48h480c26.5 0 48-21.5 48-48V80c0-26.5-21.5-48-48-48zm0 400H48V80h480v352zM208 256c35.3 0 64-28.7 64-64s-28.7-64-64-64-64 28.7-64 64 28.7 64 64 64zm-89.6 128h179.2c12.4 0 22.4-8.6 22.4-19.2v-19.2c0-31.8-30.1-57.6-67.2-57.6-10.8 0-18.7 8-44.8 8-26.9 0-33.4-8-44.8-8-37.1 0-67.2 25.8-67.2 57.6v19.2c0 10.6 10 19.2 22.4 19.2zM360 320h112c4.4 0 8-3.6 8-8v-16c0-4.4-3.6-8-8-8H360c-4.4 0-8 3.6-8 8v16c0 4.4 3.6 8 8 8zm0-64h112c4.4 0 8-3.6 8-8v-16c0-4.4-3.6-8-8-8H360c-4.4 0-8 3.6-8 8v16c0 4.4 3.6 8 8 8zm0-64h112c4.4 0 8-3.6 8-8v-16c0-4.4-3.6-8-8-8H360c-4.4 0-8 3.6-8 8v16c0 4.4 3.6 8 8 8z\"><\/path><\/svg>\t\t\t<\/span>\n\t\t\t\t\t\t\t\t\t<span class=\"elementor-button-text\">Nap\u00ed\u0161te n\u00e1m<\/span>\n\t\t\t\t\t<\/span>\n\t\t\t\t\t<\/a>\n\t\t\t\t<\/div>\n\t\t\t\t\t\t\t\t<\/div>\n\t\t\t\t<\/div>\n\t\t\t\t\t<\/div>\n\t\t\t\t<\/div>\n\t\t<div class=\"elementor-element elementor-element-2010e47 e-con-full e-flex e-con e-parent\" data-id=\"2010e47\" data-element_type=\"container\" data-e-type=\"container\">\n\t\t\t\t<div class=\"elementor-element elementor-element-036752c elementor-widget__width-auto elementor-widget elementor-widget-google_maps\" data-id=\"036752c\" data-element_type=\"widget\" data-e-type=\"widget\" data-widget_type=\"google_maps.default\">\n\t\t\t\t<div class=\"elementor-widget-container\">\n\t\t\t\t\t\t\t<div class=\"elementor-custom-embed\">\n\t\t\t<iframe loading=\"lazy\"\n\t\t\t\t\tsrc=\"https:\/\/maps.google.com\/maps?q=BUDMONT%2CO%20Osek%20nad%20Becvou%20380%2CPrerov&#038;t=m&#038;z=10&#038;output=embed&#038;iwloc=near\"\n\t\t\t\t\ttitle=\"BUDMONT,O Osek nad Becvou 380,Prerov\"\n\t\t\t\t\taria-label=\"BUDMONT,O Osek nad Becvou 380,Prerov\"\n\t\t\t><\/iframe>\n\t\t<\/div>\n\t\t\t\t\t\t<\/div>\n\t\t\t\t<\/div>\n\t\t\t\t<\/div>\n\t\t<div class=\"elementor-element elementor-element-e2c2d9c e-flex e-con-boxed e-con e-parent\" data-id=\"e2c2d9c\" data-element_type=\"container\" data-e-type=\"container\">\n\t\t\t\t\t<div class=\"e-con-inner\">\n\t\t\t\t\t<\/div>\n\t\t\t\t<\/div>\n\t\t\t\t<\/div>\n\t\t","protected":false},"excerpt":{"rendered":"<p>BUDMONT s.r.o. S\u00eddlo spole\u010dnosti: Osek nad Be\u010dvou 380Osek nad Be\u010dvou\u00a0751 22 Telefon: +420 776 642 902 Email: info@budmont.cz Web: https:\/\/www.budmont.cz I\u010c: 19058691 DI\u010c: CZ19058691 Okres: P\u0159erov St\u00e1t: \u010cesk\u00e1 republika Pr\u00e1vn\u00ed forma: spole\u010dnost s r. o. \u00a0 \u00a0 \u00a0 \u00a0 Nap\u00ed\u0161te n\u00e1m<\/p>\n","protected":false},"author":1,"featured_media":0,"parent":0,"menu_order":0,"comment_status":"closed","ping_status":"closed","template":"","meta":{"footnotes":""},"class_list":["post-125","page","type-page","status-publish","hentry"],"_links":{"self":[{"href":"https:\/\/www.budmont.cz\/index.php?rest_route=\/wp\/v2\/pages\/125","targetHints":{"allow":["GET"]}}],"collection":[{"href":"https:\/\/www.budmont.cz\/index.php?rest_route=\/wp\/v2\/pages"}],"about":[{"href":"https:\/\/www.budmont.cz\/index.php?rest_route=\/wp\/v2\/types\/page"}],"author":[{"embeddable":true,"href":"https:\/\/www.budmont.cz\/index.php?rest_route=\/wp\/v2\/users\/1"}],"replies":[{"embeddable":true,"href":"https:\/\/www.budmont.cz\/index.php?rest_route=%2Fwp%2Fv2%2Fcomments&post=125"}],"version-history":[{"count":10,"href":"https:\/\/www.budmont.cz\/index.php?rest_route=\/wp\/v2\/pages\/125\/revisions"}],"predecessor-version":[{"id":235,"href":"https:\/\/www.budmont.cz\/index.php?rest_route=\/wp\/v2\/pages\/125\/revisions\/235"}],"wp:attachment":[{"href":"https:\/\/www.budmont.cz\/index.php?rest_route=%2Fwp%2Fv2%2Fmedia&parent=125"}],"curies":[{"name":"wp","href":"https:\/\/api.w.org\/{rel}","templated":true}]}}